{"id":1401,"date":"2025-06-18T14:02:00","date_gmt":"2025-06-18T11:02:00","guid":{"rendered":"https:\/\/h2ve.eu\/jaunumi-un-notikumi\/"},"modified":"2025-06-18T14:02:00","modified_gmt":"2025-06-18T11:02:00","slug":"jaunumi-un-notikumi","status":"publish","type":"page","link":"https:\/\/h2ve.eu\/lv\/jaunumi-un-notikumi\/","title":{"rendered":"Jaunumi un Notikumi"},"content":{"rendered":"<h2>Jaunumi<\/h2>\n<article>\n        <a href=\"https:\/\/h2ve.eu\/introducing-the-h2ve-centres-of-vocational-excellence\/\"><\/a><br \/>\n                <img decoding=\"async\" src=\"http:\/\/h2ve.eu\/wp-content\/uploads\/2025\/07\/introducing-the-h2ve-centres-of-vocational-excellence-1.jpg\" alt=\"iepaz\u012bstin\u0101m ar h2ve profesion\u0101l\u0101s izcil\u012bbas centriem (1)\"><br \/>\n                <a href=\"https:\/\/h2ve.eu\/introducing-the-h2ve-centres-of-vocational-excellence\/\"><\/a><br \/>\n            <time datetime=\"23\/07\/2025\">23. j\u016blijs<\/time><\/p>\n<header><a href=\"https:\/\/h2ve.eu\/introducing-the-h2ve-centres-of-vocational-excellence\/\" title=\"Introducing the H2VE Centres of Vocational Excellence\"><\/p>\n<h2>Iepaz\u012bstin\u0101m ar H2VE profesion\u0101l\u0101s izcil\u012bbas centriem<\/a><\/h2>\n<\/header>\n<\/article>\n<p>\t\t\t            <!-- Add Pagination --><br \/>\n\t\t\t\t\t<a role=\"button\"><br \/>\n  Las\u012bt vair\u0101k jaunumu<br \/>\n\t\t\t\t\t<\/a><br \/>\n\t\t\t\t\t\t\t\t\t\t\t\t\t\t\t\t\t\t\t<img decoding=\"async\" src=\"http:\/\/h2ve.eu\/wp-content\/uploads\/2025\/06\/H2VE-Logomark-Black.png\" alt=\"H2VE Logomark Black\"><\/p>\n<h2>Pas\u0101kumi<\/h2>\n<article>\n        <a href=\"https:\/\/h2ve.eu\/h2ve-project-launches-with-successful-virtual-kick-off-meeting\/\"><\/a><br \/>\n                <img decoding=\"async\" src=\"http:\/\/h2ve.eu\/wp-content\/uploads\/2025\/07\/h2ve-project-launches-with-successful-virtual-kick-off-meeting-1-scaled.jpg\" alt=\"h2ve projekts tiek uzs\u0101kts ar veiksm\u012bgu virtu\u0101lo atkl\u0101\u0161anas san\u0101ksmi (1)\"><br \/>\n                <a href=\"https:\/\/h2ve.eu\/h2ve-project-launches-with-successful-virtual-kick-off-meeting\/\"><\/a><br \/>\n            <time datetime=\"23\/07\/2025\">23. j\u016blijs<\/time><\/p>\n<header><a href=\"https:\/\/h2ve.eu\/h2ve-project-launches-with-successful-virtual-kick-off-meeting\/\" title=\"H2VE Project Launches with Successful Virtual Kick-off Meeting\"><\/p>\n<h2>H2VE projekts tiek uzs\u0101kts ar veiksm\u012bgu virtu\u0101lo atkl\u0101\u0161anas san\u0101ksmi<\/a><\/h2>\n<\/header>\n<\/article>\n<p>\t\t\t            <!-- Add Pagination --><br \/>\n\t\t\t\t\t<a role=\"button\"><br \/>\n  Mekl\u0113t vair\u0101k pas\u0101kumu<br \/>\n\t\t\t\t\t<\/a><\/p>\n","protected":false},"excerpt":{"rendered":"<p>Jaunumi 23. j\u016blijs Iepaz\u012bstin\u0101m ar H2VE profesion\u0101l\u0101s izcil\u012bbas centriem Las\u012bt vair\u0101k jaunumu Pas\u0101kumi 23. j\u016blijs H2VE projekts tiek uzs\u0101kts ar veiksm\u012bgu virtu\u0101lo atkl\u0101\u0161anas san\u0101ksmi Mekl\u0113t vair\u0101k pas\u0101kumu<\/p>\n","protected":false},"author":1,"featured_media":0,"parent":0,"menu_order":0,"comment_status":"closed","ping_status":"closed","template":"elementor_header_footer","meta":{"footnotes":""},"class_list":["post-1401","page","type-page","status-publish","hentry"],"_links":{"self":[{"href":"https:\/\/h2ve.eu\/lv\/wp-json\/wp\/v2\/pages\/1401","targetHints":{"allow":["GET"]}}],"collection":[{"href":"https:\/\/h2ve.eu\/lv\/wp-json\/wp\/v2\/pages"}],"about":[{"href":"https:\/\/h2ve.eu\/lv\/wp-json\/wp\/v2\/types\/page"}],"author":[{"embeddable":true,"href":"https:\/\/h2ve.eu\/lv\/wp-json\/wp\/v2\/users\/1"}],"replies":[{"embeddable":true,"href":"https:\/\/h2ve.eu\/lv\/wp-json\/wp\/v2\/comments?post=1401"}],"version-history":[{"count":0,"href":"https:\/\/h2ve.eu\/lv\/wp-json\/wp\/v2\/pages\/1401\/revisions"}],"wp:attachment":[{"href":"https:\/\/h2ve.eu\/lv\/wp-json\/wp\/v2\/media?parent=1401"}],"curies":[{"name":"wp","href":"https:\/\/api.w.org\/{rel}","templated":true}]}}