{"id":1190,"date":"2025-06-18T14:02:00","date_gmt":"2025-06-18T11:02:00","guid":{"rendered":"https:\/\/h2ve.eu\/aktualnosci-i-wydarzenia\/"},"modified":"2025-06-18T14:02:00","modified_gmt":"2025-06-18T11:02:00","slug":"aktualnosci-i-wydarzenia","status":"publish","type":"page","link":"https:\/\/h2ve.eu\/pl\/aktualnosci-i-wydarzenia\/","title":{"rendered":"Aktualno\u015bci i wydarzenia"},"content":{"rendered":"<h2>Aktualno\u015bci<\/h2>\n<article>\n        <a href=\"https:\/\/h2ve.eu\/introducing-the-h2ve-centres-of-vocational-excellence\/\"><\/a><br \/>\n                <img decoding=\"async\" src=\"http:\/\/h2ve.eu\/wp-content\/uploads\/2025\/07\/introducing-the-h2ve-centres-of-vocational-excellence-1.jpg\" alt=\"wprowadzenie centr\u00f3w doskona\u0142o\u015bci zawodowej H2VE (1)\"><br \/>\n                <a href=\"https:\/\/h2ve.eu\/introducing-the-h2ve-centres-of-vocational-excellence\/\"><\/a><br \/>\n            <time datetime=\"23\/07\/2025\">23 lipca<\/time><\/p>\n<header><a href=\"https:\/\/h2ve.eu\/introducing-the-h2ve-centres-of-vocational-excellence\/\" title=\"Introducing the H2VE Centres of Vocational Excellence\"><\/p>\n<h2>Wprowadzenie Centr\u00f3w Doskona\u0142o\u015bci Zawodowej H2VE<\/a><\/h2>\n<\/header>\n<\/article>\n<p>\t\t\t            <!-- Add Pagination --><br \/>\n\t\t\t\t\t<a role=\"button\"><br \/>\n Wi\u0119cej aktualno\u015bci<br \/>\n\t\t\t\t\t<\/a><br \/>\n\t\t\t\t\t\t\t\t\t\t\t\t\t\t\t\t\t\t\t<img decoding=\"async\" src=\"http:\/\/h2ve.eu\/wp-content\/uploads\/2025\/06\/H2VE-Logomark-Black.png\" alt=\"Logotyp H2VE Czarny\"><\/p>\n<h2>Wydarzenia<\/h2>\n<article>\n        <a href=\"https:\/\/h2ve.eu\/h2ve-project-launches-with-successful-virtual-kick-off-meeting\/\"><\/a><br \/>\n                <img decoding=\"async\" src=\"http:\/\/h2ve.eu\/wp-content\/uploads\/2025\/07\/h2ve-project-launches-with-successful-virtual-kick-off-meeting-1-scaled.jpg\" alt=\"projekt H2VE rozpoczyna si\u0119 udanym wirtualnym spotkaniem inauguracyjnym (1)\"><br \/>\n                <a href=\"https:\/\/h2ve.eu\/h2ve-project-launches-with-successful-virtual-kick-off-meeting\/\"><\/a><br \/>\n            <time datetime=\"23\/07\/2025\">23 lipca<\/time><\/p>\n<header><a href=\"https:\/\/h2ve.eu\/h2ve-project-launches-with-successful-virtual-kick-off-meeting\/\" title=\"H2VE Project Launches with Successful Virtual Kick-off Meeting\"><\/p>\n<h2>Projekt H2VE Rozpoczyna si\u0119 Udanym Wirtualnym Spotkaniem Inauguracyjnym<\/a><\/h2>\n<\/header>\n<\/article>\n<p>\t\t\t            <!-- Add Pagination --><br \/>\n\t\t\t\t\t<a role=\"button\"><br \/>\n Wi\u0119cej wydarze\u0144<br \/>\n\t\t\t\t\t<\/a><\/p>\n","protected":false},"excerpt":{"rendered":"<p>Aktualno\u015bci 23 lipca Wprowadzenie Centr\u00f3w Doskona\u0142o\u015bci Zawodowej H2VE Wi\u0119cej aktualno\u015bci Wydarzenia 23 lipca Projekt H2VE Rozpoczyna si\u0119 Udanym Wirtualnym Spotkaniem Inauguracyjnym Wi\u0119cej wydarze\u0144<\/p>\n","protected":false},"author":1,"featured_media":0,"parent":0,"menu_order":0,"comment_status":"closed","ping_status":"closed","template":"elementor_header_footer","meta":{"footnotes":""},"class_list":["post-1190","page","type-page","status-publish","hentry"],"_links":{"self":[{"href":"https:\/\/h2ve.eu\/pl\/wp-json\/wp\/v2\/pages\/1190","targetHints":{"allow":["GET"]}}],"collection":[{"href":"https:\/\/h2ve.eu\/pl\/wp-json\/wp\/v2\/pages"}],"about":[{"href":"https:\/\/h2ve.eu\/pl\/wp-json\/wp\/v2\/types\/page"}],"author":[{"embeddable":true,"href":"https:\/\/h2ve.eu\/pl\/wp-json\/wp\/v2\/users\/1"}],"replies":[{"embeddable":true,"href":"https:\/\/h2ve.eu\/pl\/wp-json\/wp\/v2\/comments?post=1190"}],"version-history":[{"count":0,"href":"https:\/\/h2ve.eu\/pl\/wp-json\/wp\/v2\/pages\/1190\/revisions"}],"wp:attachment":[{"href":"https:\/\/h2ve.eu\/pl\/wp-json\/wp\/v2\/media?parent=1190"}],"curies":[{"name":"wp","href":"https:\/\/api.w.org\/{rel}","templated":true}]}}