{"id":1201,"date":"2025-06-11T11:30:02","date_gmt":"2025-06-11T08:30:02","guid":{"rendered":"https:\/\/h2ve.eu\/skontaktuj-sie-z-nami\/"},"modified":"2026-04-20T10:49:51","modified_gmt":"2026-04-20T07:49:51","slug":"skontaktuj-sie-z-nami","status":"publish","type":"page","link":"https:\/\/h2ve.eu\/pl\/skontaktuj-sie-z-nami\/","title":{"rendered":"Skontaktuj si\u0119 z nami"},"content":{"rendered":"\t\t<div data-elementor-type=\"wp-page\" data-elementor-id=\"1201\" class=\"elementor elementor-1201 elementor-57\" data-elementor-post-type=\"page\">\n\t\t\t\t<div data-particle_enable=\"false\" data-particle-mobile-disabled=\"false\" class=\"elementor-element elementor-element-882f01b e-flex e-con-boxed e-con e-parent\" data-id=\"882f01b\" data-element_type=\"container\" data-e-type=\"container\">\n\t\t\t\t\t<div class=\"e-con-inner\">\n\t\t<div data-particle_enable=\"false\" data-particle-mobile-disabled=\"false\" class=\"elementor-element elementor-element-d0d6fb9 e-con-full e-flex e-con e-child\" data-id=\"d0d6fb9\" data-element_type=\"container\" data-e-type=\"container\">\n\t\t\t\t<div class=\"elementor-element elementor-element-6d782fe elementor-widget elementor-widget-heading\" data-id=\"6d782fe\" data-element_type=\"widget\" data-e-type=\"widget\" data-widget_type=\"heading.default\">\n\t\t\t\t<div class=\"elementor-widget-container\">\n\t\t\t\t\t<h2 class=\"elementor-heading-title elementor-size-default\">Skontaktuj si\u0119 z nami<\/h2>\t\t\t\t<\/div>\n\t\t\t\t<\/div>\n\t\t\t\t<div class=\"elementor-element elementor-element-f7401d4 elementor-widget elementor-widget-text-editor\" data-id=\"f7401d4\" data-element_type=\"widget\" data-e-type=\"widget\" data-widget_type=\"text-editor.default\">\n\t\t\t\t<div class=\"elementor-widget-container\">\n\t\t\t\t\t\t\t\t\t<p><strong>Koordynator \u2013 UNIPG <\/strong><br>giovanni.cinti@unipg.it<\/p><p><br><strong>Komunikacja i upowszechnianie \u2013 CluBE<\/strong><br>info@h2ve.eu<\/p>\t\t\t\t\t\t\t\t<\/div>\n\t\t\t\t<\/div>\n\t\t\t\t<\/div>\n\t\t<div data-particle_enable=\"false\" data-particle-mobile-disabled=\"false\" class=\"elementor-element elementor-element-f3edd88 e-con-full e-flex e-con e-child\" data-id=\"f3edd88\" data-element_type=\"container\" data-e-type=\"container\">\n\t\t\t\t<div class=\"elementor-element elementor-element-e00f9c0 elementor-widget elementor-widget-heading\" data-id=\"e00f9c0\" data-element_type=\"widget\" data-e-type=\"widget\" data-widget_type=\"heading.default\">\n\t\t\t\t<div class=\"elementor-widget-container\">\n\t\t\t\t\t<h2 class=\"elementor-heading-title elementor-size-default\">Obserwuj nas w mediach spo\u0142eczno\u015bciowych<\/h2>\t\t\t\t<\/div>\n\t\t\t\t<\/div>\n\t\t\t\t<div class=\"elementor-element elementor-element-cbfeb4d elementor-shape-rounded elementor-grid-0 e-grid-align-center elementor-widget elementor-widget-social-icons\" data-id=\"cbfeb4d\" data-element_type=\"widget\" data-e-type=\"widget\" data-widget_type=\"social-icons.default\">\n\t\t\t\t<div class=\"elementor-widget-container\">\n\t\t\t\t\t\t\t<div class=\"elementor-social-icons-wrapper elementor-grid\" role=\"list\">\n\t\t\t\t\t\t\t<span class=\"elementor-grid-item\" role=\"listitem\">\n\t\t\t\t\t<a class=\"elementor-icon elementor-social-icon elementor-social-icon-linkedin elementor-animation-grow elementor-repeater-item-03e3781\" href=\"https:\/\/www.linkedin.com\/company\/h2ve-cove\/\" target=\"_blank\" rel=\"noopener noreferrer nofollow\">\n\t\t\t\t\t\t<span class=\"elementor-screen-only\">Linkedin<\/span>\n\t\t\t\t\t\t<svg aria-hidden=\"true\" class=\"e-font-icon-svg e-fab-linkedin\" viewBox=\"0 0 448 512\" xmlns=\"http:\/\/www.w3.org\/2000\/svg\"><path d=\"M416 32H31.9C14.3 32 0 46.5 0 64.3v383.4C0 465.5 14.3 480 31.9 480H416c17.6 0 32-14.5 32-32.3V64.3c0-17.8-14.4-32.3-32-32.3zM135.4 416H69V202.2h66.5V416zm-33.2-243c-21.3 0-38.5-17.3-38.5-38.5S80.9 96 102.2 96c21.2 0 38.5 17.3 38.5 38.5 0 21.3-17.2 38.5-38.5 38.5zm282.1 243h-66.4V312c0-24.8-.5-56.7-34.5-56.7-34.6 0-39.9 27-39.9 54.9V416h-66.4V202.2h63.7v29.2h.9c8.9-16.8 30.6-34.5 62.9-34.5 67.2 0 79.7 44.3 79.7 101.9V416z\"><\/path><\/svg>\t\t\t\t\t<\/a>\n\t\t\t\t<\/span>\n\t\t\t\t\t\t\t<span class=\"elementor-grid-item\" role=\"listitem\">\n\t\t\t\t\t<a class=\"elementor-icon elementor-social-icon elementor-social-icon-x-twitter elementor-animation-grow elementor-repeater-item-ec58b1c\" href=\"https:\/\/x.com\/H2VE_COVE\" target=\"_blank\" rel=\"noopener noreferrer nofollow\">\n\t\t\t\t\t\t<span class=\"elementor-screen-only\">X-twitter<\/span>\n\t\t\t\t\t\t<svg aria-hidden=\"true\" class=\"e-font-icon-svg e-fab-x-twitter\" viewBox=\"0 0 512 512\" xmlns=\"http:\/\/www.w3.org\/2000\/svg\"><path d=\"M389.2 48h70.6L305.6 224.2 487 464H345L233.7 318.6 106.5 464H35.8L200.7 275.5 26.8 48H172.4L272.9 180.9 389.2 48zM364.4 421.8h39.1L151.1 88h-42L364.4 421.8z\"><\/path><\/svg>\t\t\t\t\t<\/a>\n\t\t\t\t<\/span>\n\t\t\t\t\t<\/div>\n\t\t\t\t\t\t<\/div>\n\t\t\t\t<\/div>\n\t\t\t\t<\/div>\n\t\t<div data-particle_enable=\"false\" data-particle-mobile-disabled=\"false\" class=\"elementor-element elementor-element-14b7225 e-con-full e-flex e-con e-child\" data-id=\"14b7225\" data-element_type=\"container\" data-e-type=\"container\">\n\t\t\t\t<div class=\"elementor-element elementor-element-5624d66 elementor-widget elementor-widget-heading\" data-id=\"5624d66\" data-element_type=\"widget\" data-e-type=\"widget\" data-widget_type=\"heading.default\">\n\t\t\t\t<div class=\"elementor-widget-container\">\n\t\t\t\t\t<h2 class=\"elementor-heading-title elementor-size-default\">Zapisz si\u0119 do naszego newslettera<\/h2>\t\t\t\t<\/div>\n\t\t\t\t<\/div>\n\t\t\t\t<div class=\"elementor-element elementor-element-be807e1 elementor-widget__width-inherit eael-mailchimp-message-text-default elementor-widget elementor-widget-eael-mailchimp\" data-id=\"be807e1\" data-element_type=\"widget\" data-e-type=\"widget\" data-widget_type=\"eael-mailchimp.default\">\n\t\t\t\t<div class=\"elementor-widget-container\">\n\t\t\t\t\t\t\t\t\t\t<div class=\"eael-mailchimp-wrap eael-mailchimp-stacked\" data-mailchimp-id=\"be807e1\" data-list-id=\"d117eefdbd\" data-button-text=\"Wy\u015blij\" data-success-text=\"Subskrypcja zako\u0144czona pomy\u015blnie!\" data-pending-text=\"Please check your email and confirm subscription!\" data-loading-text=\"Wysy\u0142anie...\" >\n\t\t\t\t<form id=\"eael-mailchimp-form-be807e1\" method=\"POST\">\n\t\t\t\t\t<div class=\"eael-form-fields-wrapper eael-mailchimp-fields-wrapper eael-mailchimp-btn-inline\">\n\t\t\t\t\t\t<div class=\"eael-field-group eael-mailchimp-email\">\n\t\t\t\t\t\t\t<label for=\"E-mail\">E-mail<\/label>\n\t\t\t\t\t\t\t<input type=\"email\" name=\"eael_mailchimp_email\" class=\"eael-mailchimp-input\" placeholder=\"eg info@webhost.gr\" required=\"required\">\n\t\t\t\t\t\t<\/div>\n\t\t\t\t\t\t\t\t\t\t\t\t\t<div class=\"eael-field-group eael-mailchimp-fname\">\n\t\t\t\t\t\t\t\t<label for=\"Imi\u0119\">Imi\u0119<\/label>\n\t\t\t\t\t\t\t\t<input type=\"text\" name=\"eael_mailchimp_firstname\" class=\"eael-mailchimp-input\" placeholder=\"Mike\">\n\t\t\t\t\t\t\t<\/div>\n\t\t\t\t\t\t\t\t\t\t\t\t\t\t\t\t\t\t\t<div class=\"eael-field-group eael-mailchimp-lname\">\n\t\t\t\t\t\t\t\t<label for=\"Nazwisko\">Nazwisko<\/label>\n\t\t\t\t\t\t\t\t<input type=\"text\" name=\"eael_mailchimp_lastname\" class=\"eael-mailchimp-input\" placeholder=\"Lucky\">\n\t\t\t\t\t\t\t<\/div>\n\t\t\t\t\t\t\n                        \n\t\t\t\t\t\t<div class=\"eael-field-group eael-mailchimp-submit-btn\">\n\t\t\t\t\t\t\t<button type=\"submit\" id=\"eael-subscribe-be807e1\" class=\"eael-button eael-mailchimp-subscribe\">\n\t\t\t\t\t\t\t\t<div class=\"eael-btn-loader button__loader\"><\/div>\n\t\t\t\t\t\t\t\t<span>Wy\u015blij<\/span>\n\t\t\t\t\t\t\t<\/button>\n\t\t\t\t\t\t<\/div>\n\t\t\t\t\t<\/div>\n\t\t\t\t\t<div class=\"eael-mailchimp-message\"><\/div>\n\t\t\t\t<\/form>\n\t\t\t<\/div>\n\t\t\n\t\t\t\t<\/div>\n\t\t\t\t<\/div>\n\t\t\t\t<\/div>\n\t\t\t\t\t<\/div>\n\t\t\t\t<\/div>\n\t\t\t\t<\/div>\n\t\t","protected":false},"excerpt":{"rendered":"<p>Skontaktuj si\u0119 z nami Koordynator \u2013 UNIPG giovanni.cinti@unipg.it Komunikacja i upowszechnianie \u2013 CluBEinfo@h2ve.eu Obserwuj nas w mediach spo\u0142eczno\u015bciowych Linkedin X-twitter Zapisz si\u0119 do naszego newslettera E-mail Imi\u0119 Nazwisko Wy\u015blij<\/p>\n","protected":false},"author":1,"featured_media":0,"parent":0,"menu_order":0,"comment_status":"closed","ping_status":"closed","template":"elementor_header_footer","meta":{"footnotes":""},"class_list":["post-1201","page","type-page","status-publish","hentry"],"_links":{"self":[{"href":"https:\/\/h2ve.eu\/pl\/wp-json\/wp\/v2\/pages\/1201","targetHints":{"allow":["GET"]}}],"collection":[{"href":"https:\/\/h2ve.eu\/pl\/wp-json\/wp\/v2\/pages"}],"about":[{"href":"https:\/\/h2ve.eu\/pl\/wp-json\/wp\/v2\/types\/page"}],"author":[{"embeddable":true,"href":"https:\/\/h2ve.eu\/pl\/wp-json\/wp\/v2\/users\/1"}],"replies":[{"embeddable":true,"href":"https:\/\/h2ve.eu\/pl\/wp-json\/wp\/v2\/comments?post=1201"}],"version-history":[{"count":7,"href":"https:\/\/h2ve.eu\/pl\/wp-json\/wp\/v2\/pages\/1201\/revisions"}],"predecessor-version":[{"id":1446,"href":"https:\/\/h2ve.eu\/pl\/wp-json\/wp\/v2\/pages\/1201\/revisions\/1446"}],"wp:attachment":[{"href":"https:\/\/h2ve.eu\/pl\/wp-json\/wp\/v2\/media?parent=1201"}],"curies":[{"name":"wp","href":"https:\/\/api.w.org\/{rel}","templated":true}]}}